{"id":2555,"date":"2022-06-02T00:37:00","date_gmt":"2022-06-02T00:37:00","guid":{"rendered":"http:\/\/www.phparena.net\/chile\/?page_id=2555"},"modified":"2022-06-04T12:12:31","modified_gmt":"2022-06-04T12:12:31","slug":"casino-linea-bet365","status":"publish","type":"page","link":"https:\/\/www.phparena.net\/chile\/casino-linea-bet365\/","title":{"rendered":"Casino en Linea Bet365"},"content":{"rendered":"","protected":false},"excerpt":{"rendered":"","protected":false},"author":1,"featured_media":2556,"parent":0,"menu_order":0,"comment_status":"closed","ping_status":"closed","template":"","meta":{"footnotes":""},"class_list":["post-2555","page","type-page","status-publish","has-post-thumbnail","hentry"],"yoast_head":"<!-- This site is optimized with the Yoast SEO plugin v27.5 - https:\/\/yoast.com\/product\/yoast-seo-wordpress\/ -->\n<title>Casino en Linea Bet365 - Bono de Bienvenida<\/title>\n<meta name=\"description\" content=\"Sepa por qu\u00e9 Bet365 Online Casino es el casino en l\u00ednea m\u00e1s popular en millones de jugadores y se juega en m\u00e1s de 200 pa\u00edses.\" \/>\n<meta name=\"robots\" content=\"index, follow, max-snippet:-1, max-image-preview:large, max-video-preview:-1\" \/>\n<link rel=\"canonical\" href=\"https:\/\/www.phparena.net\/chile\/casino-linea-bet365\/\" \/>\n<meta property=\"og:locale\" content=\"es_ES\" \/>\n<meta property=\"og:type\" content=\"article\" \/>\n<meta property=\"og:title\" content=\"Casino en Linea Bet365 - Bono de Bienvenida\" \/>\n<meta property=\"og:description\" content=\"Sepa por qu\u00e9 Bet365 Online Casino es el casino en l\u00ednea m\u00e1s popular en millones de jugadores y se juega en m\u00e1s de 200 pa\u00edses.\" \/>\n<meta property=\"og:url\" content=\"https:\/\/www.phparena.net\/chile\/casino-linea-bet365\/\" \/>\n<meta property=\"og:site_name\" content=\"PHPARENA.NET - CHILE\" \/>\n<meta property=\"article:modified_time\" content=\"2022-06-04T12:12:31+00:00\" \/>\n<meta property=\"og:image\" content=\"https:\/\/www.phparena.net\/chile\/wp-content\/uploads\/bet365-site.jpg\" \/>\n\t<meta property=\"og:image:width\" content=\"800\" \/>\n\t<meta property=\"og:image:height\" content=\"372\" \/>\n\t<meta property=\"og:image:type\" content=\"image\/jpeg\" \/>\n<meta name=\"twitter:card\" content=\"summary_large_image\" \/>\n<script type=\"application\/ld+json\" class=\"yoast-schema-graph\">{\"@context\":\"https:\\\/\\\/schema.org\",\"@graph\":[{\"@type\":\"WebPage\",\"@id\":\"https:\\\/\\\/www.phparena.net\\\/chile\\\/casino-linea-bet365\\\/\",\"url\":\"https:\\\/\\\/www.phparena.net\\\/chile\\\/casino-linea-bet365\\\/\",\"name\":\"Casino en Linea Bet365 - Bono de Bienvenida\",\"isPartOf\":{\"@id\":\"https:\\\/\\\/www.phparena.net\\\/chile\\\/#website\"},\"primaryImageOfPage\":{\"@id\":\"https:\\\/\\\/www.phparena.net\\\/chile\\\/casino-linea-bet365\\\/#primaryimage\"},\"image\":{\"@id\":\"https:\\\/\\\/www.phparena.net\\\/chile\\\/casino-linea-bet365\\\/#primaryimage\"},\"thumbnailUrl\":\"https:\\\/\\\/www.phparena.net\\\/chile\\\/wp-content\\\/uploads\\\/bet365-site.jpg\",\"datePublished\":\"2022-06-02T00:37:00+00:00\",\"dateModified\":\"2022-06-04T12:12:31+00:00\",\"description\":\"Sepa por qu\u00e9 Bet365 Online Casino es el casino en l\u00ednea m\u00e1s popular en millones de jugadores y se juega en m\u00e1s de 200 pa\u00edses.\",\"breadcrumb\":{\"@id\":\"https:\\\/\\\/www.phparena.net\\\/chile\\\/casino-linea-bet365\\\/#breadcrumb\"},\"inLanguage\":\"es-CL\",\"potentialAction\":[{\"@type\":\"ReadAction\",\"target\":[\"https:\\\/\\\/www.phparena.net\\\/chile\\\/casino-linea-bet365\\\/\"]}]},{\"@type\":\"ImageObject\",\"inLanguage\":\"es-CL\",\"@id\":\"https:\\\/\\\/www.phparena.net\\\/chile\\\/casino-linea-bet365\\\/#primaryimage\",\"url\":\"https:\\\/\\\/www.phparena.net\\\/chile\\\/wp-content\\\/uploads\\\/bet365-site.jpg\",\"contentUrl\":\"https:\\\/\\\/www.phparena.net\\\/chile\\\/wp-content\\\/uploads\\\/bet365-site.jpg\",\"width\":800,\"height\":372},{\"@type\":\"BreadcrumbList\",\"@id\":\"https:\\\/\\\/www.phparena.net\\\/chile\\\/casino-linea-bet365\\\/#breadcrumb\",\"itemListElement\":[{\"@type\":\"ListItem\",\"position\":1,\"name\":\"Home\",\"item\":\"https:\\\/\\\/www.phparena.net\\\/chile\\\/\"},{\"@type\":\"ListItem\",\"position\":2,\"name\":\"Casino en Linea Bet365\"}]},{\"@type\":\"WebSite\",\"@id\":\"https:\\\/\\\/www.phparena.net\\\/chile\\\/#website\",\"url\":\"https:\\\/\\\/www.phparena.net\\\/chile\\\/\",\"name\":\"PHPARENA.NET - CHILE\",\"description\":\"\",\"potentialAction\":[{\"@type\":\"SearchAction\",\"target\":{\"@type\":\"EntryPoint\",\"urlTemplate\":\"https:\\\/\\\/www.phparena.net\\\/chile\\\/?s={search_term_string}\"},\"query-input\":{\"@type\":\"PropertyValueSpecification\",\"valueRequired\":true,\"valueName\":\"search_term_string\"}}],\"inLanguage\":\"es-CL\"}]}<\/script>\n<!-- \/ Yoast SEO plugin. -->","yoast_head_json":{"title":"Casino en Linea Bet365 - Bono de Bienvenida","description":"Sepa por qu\u00e9 Bet365 Online Casino es el casino en l\u00ednea m\u00e1s popular en millones de jugadores y se juega en m\u00e1s de 200 pa\u00edses.","robots":{"index":"index","follow":"follow","max-snippet":"max-snippet:-1","max-image-preview":"max-image-preview:large","max-video-preview":"max-video-preview:-1"},"canonical":"https:\/\/www.phparena.net\/chile\/casino-linea-bet365\/","og_locale":"es_ES","og_type":"article","og_title":"Casino en Linea Bet365 - Bono de Bienvenida","og_description":"Sepa por qu\u00e9 Bet365 Online Casino es el casino en l\u00ednea m\u00e1s popular en millones de jugadores y se juega en m\u00e1s de 200 pa\u00edses.","og_url":"https:\/\/www.phparena.net\/chile\/casino-linea-bet365\/","og_site_name":"PHPARENA.NET - CHILE","article_modified_time":"2022-06-04T12:12:31+00:00","og_image":[{"width":800,"height":372,"url":"https:\/\/www.phparena.net\/chile\/wp-content\/uploads\/bet365-site.jpg","type":"image\/jpeg"}],"twitter_card":"summary_large_image","schema":{"@context":"https:\/\/schema.org","@graph":[{"@type":"WebPage","@id":"https:\/\/www.phparena.net\/chile\/casino-linea-bet365\/","url":"https:\/\/www.phparena.net\/chile\/casino-linea-bet365\/","name":"Casino en Linea Bet365 - Bono de Bienvenida","isPartOf":{"@id":"https:\/\/www.phparena.net\/chile\/#website"},"primaryImageOfPage":{"@id":"https:\/\/www.phparena.net\/chile\/casino-linea-bet365\/#primaryimage"},"image":{"@id":"https:\/\/www.phparena.net\/chile\/casino-linea-bet365\/#primaryimage"},"thumbnailUrl":"https:\/\/www.phparena.net\/chile\/wp-content\/uploads\/bet365-site.jpg","datePublished":"2022-06-02T00:37:00+00:00","dateModified":"2022-06-04T12:12:31+00:00","description":"Sepa por qu\u00e9 Bet365 Online Casino es el casino en l\u00ednea m\u00e1s popular en millones de jugadores y se juega en m\u00e1s de 200 pa\u00edses.","breadcrumb":{"@id":"https:\/\/www.phparena.net\/chile\/casino-linea-bet365\/#breadcrumb"},"inLanguage":"es-CL","potentialAction":[{"@type":"ReadAction","target":["https:\/\/www.phparena.net\/chile\/casino-linea-bet365\/"]}]},{"@type":"ImageObject","inLanguage":"es-CL","@id":"https:\/\/www.phparena.net\/chile\/casino-linea-bet365\/#primaryimage","url":"https:\/\/www.phparena.net\/chile\/wp-content\/uploads\/bet365-site.jpg","contentUrl":"https:\/\/www.phparena.net\/chile\/wp-content\/uploads\/bet365-site.jpg","width":800,"height":372},{"@type":"BreadcrumbList","@id":"https:\/\/www.phparena.net\/chile\/casino-linea-bet365\/#breadcrumb","itemListElement":[{"@type":"ListItem","position":1,"name":"Home","item":"https:\/\/www.phparena.net\/chile\/"},{"@type":"ListItem","position":2,"name":"Casino en Linea Bet365"}]},{"@type":"WebSite","@id":"https:\/\/www.phparena.net\/chile\/#website","url":"https:\/\/www.phparena.net\/chile\/","name":"PHPARENA.NET - CHILE","description":"","potentialAction":[{"@type":"SearchAction","target":{"@type":"EntryPoint","urlTemplate":"https:\/\/www.phparena.net\/chile\/?s={search_term_string}"},"query-input":{"@type":"PropertyValueSpecification","valueRequired":true,"valueName":"search_term_string"}}],"inLanguage":"es-CL"}]}},"_links":{"self":[{"href":"https:\/\/www.phparena.net\/chile\/wp-json\/wp\/v2\/pages\/2555","targetHints":{"allow":["GET"]}}],"collection":[{"href":"https:\/\/www.phparena.net\/chile\/wp-json\/wp\/v2\/pages"}],"about":[{"href":"https:\/\/www.phparena.net\/chile\/wp-json\/wp\/v2\/types\/page"}],"author":[{"embeddable":true,"href":"https:\/\/www.phparena.net\/chile\/wp-json\/wp\/v2\/users\/1"}],"replies":[{"embeddable":true,"href":"https:\/\/www.phparena.net\/chile\/wp-json\/wp\/v2\/comments?post=2555"}],"version-history":[{"count":5,"href":"https:\/\/www.phparena.net\/chile\/wp-json\/wp\/v2\/pages\/2555\/revisions"}],"predecessor-version":[{"id":2858,"href":"https:\/\/www.phparena.net\/chile\/wp-json\/wp\/v2\/pages\/2555\/revisions\/2858"}],"wp:featuredmedia":[{"embeddable":true,"href":"https:\/\/www.phparena.net\/chile\/wp-json\/wp\/v2\/media\/2556"}],"wp:attachment":[{"href":"https:\/\/www.phparena.net\/chile\/wp-json\/wp\/v2\/media?parent=2555"}],"curies":[{"name":"wp","href":"https:\/\/api.w.org\/{rel}","templated":true}]}}