{"id":2888,"date":"2024-01-07T07:14:00","date_gmt":"2024-01-07T07:14:00","guid":{"rendered":"https:\/\/www.phparena.net\/chile\/?page_id=2888"},"modified":"2024-01-08T08:56:09","modified_gmt":"2024-01-08T08:56:09","slug":"ruby-fortune-casino","status":"publish","type":"page","link":"https:\/\/www.phparena.net\/chile\/ruby-fortune-casino\/","title":{"rendered":"Ruby Fortune Casino"},"content":{"rendered":"","protected":false},"excerpt":{"rendered":"","protected":false},"author":1,"featured_media":0,"parent":0,"menu_order":0,"comment_status":"closed","ping_status":"closed","template":"","meta":{"footnotes":""},"class_list":["post-2888","page","type-page","status-publish","hentry"],"yoast_head":"<!-- This site is optimized with the Yoast SEO plugin v27.5 - https:\/\/yoast.com\/product\/yoast-seo-wordpress\/ -->\n<title>Ruby Fortune Casino 2024 - $750 Bono + 100 giros gratis<\/title>\n<meta name=\"description\" content=\"Juega en Ruby Fortune Casino, uno de los casinos m\u00e1s exitosos en Chile. Bono exclusivo de $750 m\u00e1s 100 giros gratis y 450+ juegos en l\u00ednea.\" \/>\n<meta name=\"robots\" content=\"index, follow, max-snippet:-1, max-image-preview:large, max-video-preview:-1\" \/>\n<link rel=\"canonical\" href=\"https:\/\/www.phparena.net\/chile\/ruby-fortune-casino\/\" \/>\n<meta property=\"og:locale\" content=\"es_ES\" \/>\n<meta property=\"og:type\" content=\"article\" \/>\n<meta property=\"og:title\" content=\"Ruby Fortune Casino 2024 - $750 Bono + 100 giros gratis\" \/>\n<meta property=\"og:description\" content=\"Juega en Ruby Fortune Casino, uno de los casinos m\u00e1s exitosos en Chile. Bono exclusivo de $750 m\u00e1s 100 giros gratis y 450+ juegos en l\u00ednea.\" \/>\n<meta property=\"og:url\" content=\"https:\/\/www.phparena.net\/chile\/ruby-fortune-casino\/\" \/>\n<meta property=\"og:site_name\" content=\"PHPARENA.NET - CHILE\" \/>\n<meta property=\"article:modified_time\" content=\"2024-01-08T08:56:09+00:00\" \/>\n<meta name=\"twitter:card\" content=\"summary_large_image\" \/>\n<meta name=\"twitter:label1\" content=\"Tiempo estimado de lectura\" \/>\n\t<meta name=\"twitter:data1\" content=\"8 minutos\" \/>\n<script type=\"application\/ld+json\" class=\"yoast-schema-graph\">{\"@context\":\"https:\\\/\\\/schema.org\",\"@graph\":[{\"@type\":\"WebPage\",\"@id\":\"https:\\\/\\\/www.phparena.net\\\/chile\\\/ruby-fortune-casino\\\/\",\"url\":\"https:\\\/\\\/www.phparena.net\\\/chile\\\/ruby-fortune-casino\\\/\",\"name\":\"Ruby Fortune Casino 2024 - $750 Bono + 100 giros gratis\",\"isPartOf\":{\"@id\":\"https:\\\/\\\/www.phparena.net\\\/chile\\\/#website\"},\"datePublished\":\"2024-01-07T07:14:00+00:00\",\"dateModified\":\"2024-01-08T08:56:09+00:00\",\"description\":\"Juega en Ruby Fortune Casino, uno de los casinos m\u00e1s exitosos en Chile. Bono exclusivo de $750 m\u00e1s 100 giros gratis y 450+ juegos en l\u00ednea.\",\"breadcrumb\":{\"@id\":\"https:\\\/\\\/www.phparena.net\\\/chile\\\/ruby-fortune-casino\\\/#breadcrumb\"},\"inLanguage\":\"es-CL\",\"potentialAction\":[{\"@type\":\"ReadAction\",\"target\":[\"https:\\\/\\\/www.phparena.net\\\/chile\\\/ruby-fortune-casino\\\/\"]}]},{\"@type\":\"BreadcrumbList\",\"@id\":\"https:\\\/\\\/www.phparena.net\\\/chile\\\/ruby-fortune-casino\\\/#breadcrumb\",\"itemListElement\":[{\"@type\":\"ListItem\",\"position\":1,\"name\":\"Home\",\"item\":\"https:\\\/\\\/www.phparena.net\\\/chile\\\/\"},{\"@type\":\"ListItem\",\"position\":2,\"name\":\"Ruby Fortune Casino\"}]},{\"@type\":\"WebSite\",\"@id\":\"https:\\\/\\\/www.phparena.net\\\/chile\\\/#website\",\"url\":\"https:\\\/\\\/www.phparena.net\\\/chile\\\/\",\"name\":\"PHPARENA.NET - CHILE\",\"description\":\"\",\"potentialAction\":[{\"@type\":\"SearchAction\",\"target\":{\"@type\":\"EntryPoint\",\"urlTemplate\":\"https:\\\/\\\/www.phparena.net\\\/chile\\\/?s={search_term_string}\"},\"query-input\":{\"@type\":\"PropertyValueSpecification\",\"valueRequired\":true,\"valueName\":\"search_term_string\"}}],\"inLanguage\":\"es-CL\"}]}<\/script>\n<!-- \/ Yoast SEO plugin. -->","yoast_head_json":{"title":"Ruby Fortune Casino 2024 - $750 Bono + 100 giros gratis","description":"Juega en Ruby Fortune Casino, uno de los casinos m\u00e1s exitosos en Chile. Bono exclusivo de $750 m\u00e1s 100 giros gratis y 450+ juegos en l\u00ednea.","robots":{"index":"index","follow":"follow","max-snippet":"max-snippet:-1","max-image-preview":"max-image-preview:large","max-video-preview":"max-video-preview:-1"},"canonical":"https:\/\/www.phparena.net\/chile\/ruby-fortune-casino\/","og_locale":"es_ES","og_type":"article","og_title":"Ruby Fortune Casino 2024 - $750 Bono + 100 giros gratis","og_description":"Juega en Ruby Fortune Casino, uno de los casinos m\u00e1s exitosos en Chile. Bono exclusivo de $750 m\u00e1s 100 giros gratis y 450+ juegos en l\u00ednea.","og_url":"https:\/\/www.phparena.net\/chile\/ruby-fortune-casino\/","og_site_name":"PHPARENA.NET - CHILE","article_modified_time":"2024-01-08T08:56:09+00:00","twitter_card":"summary_large_image","twitter_misc":{"Tiempo estimado de lectura":"8 minutos"},"schema":{"@context":"https:\/\/schema.org","@graph":[{"@type":"WebPage","@id":"https:\/\/www.phparena.net\/chile\/ruby-fortune-casino\/","url":"https:\/\/www.phparena.net\/chile\/ruby-fortune-casino\/","name":"Ruby Fortune Casino 2024 - $750 Bono + 100 giros gratis","isPartOf":{"@id":"https:\/\/www.phparena.net\/chile\/#website"},"datePublished":"2024-01-07T07:14:00+00:00","dateModified":"2024-01-08T08:56:09+00:00","description":"Juega en Ruby Fortune Casino, uno de los casinos m\u00e1s exitosos en Chile. Bono exclusivo de $750 m\u00e1s 100 giros gratis y 450+ juegos en l\u00ednea.","breadcrumb":{"@id":"https:\/\/www.phparena.net\/chile\/ruby-fortune-casino\/#breadcrumb"},"inLanguage":"es-CL","potentialAction":[{"@type":"ReadAction","target":["https:\/\/www.phparena.net\/chile\/ruby-fortune-casino\/"]}]},{"@type":"BreadcrumbList","@id":"https:\/\/www.phparena.net\/chile\/ruby-fortune-casino\/#breadcrumb","itemListElement":[{"@type":"ListItem","position":1,"name":"Home","item":"https:\/\/www.phparena.net\/chile\/"},{"@type":"ListItem","position":2,"name":"Ruby Fortune Casino"}]},{"@type":"WebSite","@id":"https:\/\/www.phparena.net\/chile\/#website","url":"https:\/\/www.phparena.net\/chile\/","name":"PHPARENA.NET - CHILE","description":"","potentialAction":[{"@type":"SearchAction","target":{"@type":"EntryPoint","urlTemplate":"https:\/\/www.phparena.net\/chile\/?s={search_term_string}"},"query-input":{"@type":"PropertyValueSpecification","valueRequired":true,"valueName":"search_term_string"}}],"inLanguage":"es-CL"}]}},"_links":{"self":[{"href":"https:\/\/www.phparena.net\/chile\/wp-json\/wp\/v2\/pages\/2888","targetHints":{"allow":["GET"]}}],"collection":[{"href":"https:\/\/www.phparena.net\/chile\/wp-json\/wp\/v2\/pages"}],"about":[{"href":"https:\/\/www.phparena.net\/chile\/wp-json\/wp\/v2\/types\/page"}],"author":[{"embeddable":true,"href":"https:\/\/www.phparena.net\/chile\/wp-json\/wp\/v2\/users\/1"}],"replies":[{"embeddable":true,"href":"https:\/\/www.phparena.net\/chile\/wp-json\/wp\/v2\/comments?post=2888"}],"version-history":[{"count":1,"href":"https:\/\/www.phparena.net\/chile\/wp-json\/wp\/v2\/pages\/2888\/revisions"}],"predecessor-version":[{"id":2889,"href":"https:\/\/www.phparena.net\/chile\/wp-json\/wp\/v2\/pages\/2888\/revisions\/2889"}],"wp:attachment":[{"href":"https:\/\/www.phparena.net\/chile\/wp-json\/wp\/v2\/media?parent=2888"}],"curies":[{"name":"wp","href":"https:\/\/api.w.org\/{rel}","templated":true}]}}